{"id":6,"date":"2025-12-04T06:38:30","date_gmt":"2025-12-04T06:38:30","guid":{"rendered":"https:\/\/zwtmzwz.cluster121.hosting.ovh.net\/index.php\/one-page-express\/"},"modified":"2025-12-04T09:21:04","modified_gmt":"2025-12-04T09:21:04","slug":"maintenance-informatique-42-fr","status":"publish","type":"page","link":"https:\/\/maintenance-informatique-42.fr\/","title":{"rendered":"Maintenance-Informatique-42.fr"},"content":{"rendered":"<div  id=\"overlapable-2\" style=\"background-color: #ffffff;\" data-label=\"Overlapable\" data-id=\"stripped-coloured-icon-boxes\" data-category=\"overlapable\" class=\"features-coloured-icon-boxes-section\" data-overlap=\"true\"> <div  class=\"gridContainer\"> <div  class=\"features-coloured-icon-boxes-innerrow flexbox-list dark-text\" data-type=\"row\"> <div  class=\"features-coloured-icon-boxes-featurecol cp3cols\"> <div  class=\"features-coloured-icon-boxes-iconcontainer\" data-content-item-container=\"true\"> <i  data-cp-fa=\"true\" class=\"features-coloured-icon fa fa-bolt\"><\/i> <\/div> <h4  class=\"\">R\u00e9paration Montage<\/h4> <p  class=\"\">R\u00e9paration particuliers et professionnels ordinateur bureau portable PC Microsoft IMac Apple<\/p> <a  class=\"features-coloured-button\" href=\"index.php\/43-2\/#page-content\" target=\"_self\">R\u00e9paration Montage<\/a> <\/div> <div  class=\"features-coloured-icon-boxes-featurecol cp3cols\"> <div  class=\"features-coloured-icon-boxes-iconcontainer\" data-content-item-container=\"true\"> <i  data-cp-fa=\"true\" class=\"features-coloured-icon fa fa-cloud\"><\/i> <\/div> <h4  class=\"\">Cr\u00e9ation Site Web<\/h4> <p  class=\"\">Cr\u00e9ation site web design r\u00e9f\u00e9rencement SEO r\u00e9servation nom de domaine et h\u00e9bergement<\/p> <a  class=\"features-coloured-button\" href=\"index.php\/46-2\" target=\"_self\">Cr\u00e9ation Site Web<\/a> <\/div> <div  class=\"features-coloured-icon-boxes-featurecol cp3cols\"> <div  class=\"features-coloured-icon-boxes-iconcontainer\" data-content-item-container=\"true\"> <i  data-cp-fa=\"true\" class=\"features-coloured-icon fa fa-signal\"><\/i> <\/div> <h4  class=\"\">R\u00e9paration Tel Portable<\/h4> <p  class=\"\">R\u00e9paration t\u00e9l\u00e9phone mobile smartphone iPhone Samsung et autres marques<\/p> <a  class=\"features-coloured-button\" href=\"index.php\/50-2\" target=\"_self\">R\u00e9paration Portable<\/a> <\/div> <div  class=\"features-coloured-icon-boxes-featurecol cp3cols\"> <div  class=\"features-coloured-icon-boxes-iconcontainer\" data-content-item-container=\"true\"> <i  data-cp-fa=\"true\" class=\"features-coloured-icon fa fa-pie-chart\"><\/i> <\/div> <h4  class=\"\">R\u00e9paration Television<\/h4> <p  class=\"\">R\u00e9paration t\u00e9l\u00e9viseur r\u00e9glage r\u00e9ception box ou satellite<\/p> <a  class=\"features-coloured-button\" href=\"index.php\/39-2\" target=\"_self\">R\u00e9paration t\u00e9l\u00e9viseur<\/a> <\/div> <\/div> <\/div><\/div><div  id=\"content-3\" style=\"background-color: #ffffff;\" data-label=\"Content\" data-id=\"content-image-left\" data-category=\"content\" class=\"content-left-image-section\"> <div  class=\"gridContainer\"> <div  class=\"row\"> <div  class=\"content-left-image-imgcol\" data-type=\"column\"> <img  decoding=\"async\" src=\"https:\/\/zwtmzwz.cluster121.hosting.ovh.net\/wp-content\/plugins\/one-page-express-companion\/theme-data\/one-page-express\/sections\/images\/project1.jpg\" class=\"\"> <\/div> <div  class=\"content-left-image-textcol dynamic-color\" data-type=\"column\"> <h2  class=\"\">Contact et Horaire<\/h2> <p  class=\"large_text\">Contact : t\u00e9l\u00e9phonique 0638351591<br >contact mail : informatiquelorette@gmail.com<br >Horaire d\u2019ouverture de mon magasin 08h30 13 h00 du lundi au vendredi<br >horaire de l\u2019assistance informatique 07h30 19h30 du lundi au vendredi samedi 07h30 12h30<br >je r\u00e9ponds au t\u00e9l\u00e9phone le week-end pour les urgences 0638351591<br >[Contact : t\u00e9l\u00e9phonique 0638351591 contact mail : informatiquelorette@gmail.com Horaire d\u2019ouverture de mon magasin 08h30 13 h00 du lundi au vendredi horaire de l\u2019assistance informatique 07h30 19h30 du lundi au vendredi samedi 07h30 12h30 je r\u00e9ponds au t\u00e9l\u00e9phone le week-end pour les urgences 0638351591]<\/p> <a  class=\"button blue\" href=\"index.php\/43-2\/#page-content\" target=\"_self\"> R\u00e9paration <\/a> <\/div> <\/div> <\/div> <\/div>","protected":false},"excerpt":{"rendered":"<p>R\u00e9paration Montage R\u00e9paration particuliers et professionnels ordinateur bureau portable PC Microsoft IMac Apple R\u00e9paration Montage Cr\u00e9ation Site Web Cr\u00e9ation site web design r\u00e9f\u00e9rencement SEO r\u00e9servation nom de domaine et h\u00e9bergement Cr\u00e9ation Site Web R\u00e9paration Tel Portable R\u00e9paration t\u00e9l\u00e9phone mobile smartphone iPhone Samsung et autres marques R\u00e9paration Portable R\u00e9paration Television R\u00e9paration t\u00e9l\u00e9viseur r\u00e9glage r\u00e9ception box ou&hellip; <br \/> <a class=\"button small blue\" href=\"https:\/\/maintenance-informatique-42.fr\/\">Lire la suite<\/a><\/p>\n","protected":false},"author":1,"featured_media":0,"parent":0,"menu_order":0,"comment_status":"closed","ping_status":"closed","template":"","meta":{"footnotes":""},"class_list":["post-6","page","type-page","status-publish","hentry"],"_links":{"self":[{"href":"https:\/\/maintenance-informatique-42.fr\/index.php\/wp-json\/wp\/v2\/pages\/6","targetHints":{"allow":["GET"]}}],"collection":[{"href":"https:\/\/maintenance-informatique-42.fr\/index.php\/wp-json\/wp\/v2\/pages"}],"about":[{"href":"https:\/\/maintenance-informatique-42.fr\/index.php\/wp-json\/wp\/v2\/types\/page"}],"author":[{"embeddable":true,"href":"https:\/\/maintenance-informatique-42.fr\/index.php\/wp-json\/wp\/v2\/users\/1"}],"replies":[{"embeddable":true,"href":"https:\/\/maintenance-informatique-42.fr\/index.php\/wp-json\/wp\/v2\/comments?post=6"}],"version-history":[{"count":9,"href":"https:\/\/maintenance-informatique-42.fr\/index.php\/wp-json\/wp\/v2\/pages\/6\/revisions"}],"predecessor-version":[{"id":78,"href":"https:\/\/maintenance-informatique-42.fr\/index.php\/wp-json\/wp\/v2\/pages\/6\/revisions\/78"}],"wp:attachment":[{"href":"https:\/\/maintenance-informatique-42.fr\/index.php\/wp-json\/wp\/v2\/media?parent=6"}],"curies":[{"name":"wp","href":"https:\/\/api.w.org\/{rel}","templated":true}]}}