{"id":57,"date":"2025-12-04T07:54:48","date_gmt":"2025-12-04T07:54:48","guid":{"rendered":"https:\/\/zwtmzwz.cluster121.hosting.ovh.net\/?page_id=57"},"modified":"2025-12-04T07:56:13","modified_gmt":"2025-12-04T07:56:13","slug":"57-2","status":"publish","type":"page","link":"https:\/\/maintenance-informatique-42.fr\/index.php\/57-2\/","title":{"rendered":"Montage PC sur demande Gamers Bureautique Usage personnel"},"content":{"rendered":"\n<p class=\"has-large-font-size\"><\/p>\n\n\n\n<p class=\"has-large-font-size\">Montage de PC sur demande<\/p>\n\n\n\n<p class=\"has-large-font-size\">Diff\u00e9rentes configurations mod\u00e8le suggestifs pouvant \u00e9voluer au niveau du mat\u00e9riels \u00e0 la hausse ou \u00e0 la baisse.<\/p>\n\n\n\n<p class=\"has-large-font-size\"><strong>Pour un usage personnel de la bureautique<\/strong><\/p>\n\n\n\n<p class=\"has-large-font-size\">Une configuration sur une tour avec carte m\u00e8re Asus processeur Ryzen ou Intel 4, &nbsp;8 ou 16 gigas de RAM disque dur SSD 125 Go pour le syst\u00e8me et un HDD de 1 To pour les datas alimentation 450 watt<\/p>\n\n\n\n<p class=\"has-large-font-size\"><strong>Pour un usage plus intensif entreprise gamer<\/strong><\/p>\n\n\n\n<p class=\"has-large-font-size\">Une configuration sur une tour avec carte m\u00e8re Asus processeur Ryzen ou Intel &nbsp;8 ou 16 gigas de RAM une carte Graphique GTX1050TI 4GB carte graphique DDR5 128BIT<\/p>\n\n\n\n<p class=\"has-large-font-size\">&nbsp;Gamers Disque dur SSD 250 Go pour le syst\u00e8me et un HDD de 1 To pour les datas alimentation 600 watt<\/p>\n\n\n\n<p class=\"has-large-font-size\">Contact&nbsp;: t\u00e9l\u00e9phonique 0638351591<\/p>\n\n\n\n<p class=\"has-large-font-size\">contact mail&nbsp;: <a href=\"https:\/\/web.archive.org\/web\/20240911090615\/mailto:informatiquelorette@gmail.com\">informatiquelorette@gmail.com<\/a><\/p>\n\n\n\n<p class=\"has-large-font-size\">Horaire d\u2019ouverture de mon magasin 08h30 13h00 du lundi au vendredi<\/p>\n\n\n\n<p class=\"has-large-font-size\">horaire de l\u2019assistance informatique 07h30 19h30 du lundi au vendredi samedi 07h30 12h30<\/p>\n\n\n\n<p class=\"has-large-font-size\">je r\u00e9ponds au t\u00e9l\u00e9phone le week-end pour les urgences 0638351591<\/p>\n","protected":false},"excerpt":{"rendered":"<p>Montage de PC sur demande Diff\u00e9rentes configurations mod\u00e8le suggestifs pouvant \u00e9voluer au niveau du mat\u00e9riels \u00e0 la hausse ou \u00e0 la baisse. Pour un usage personnel de la bureautique Une configuration sur une tour avec carte m\u00e8re Asus processeur Ryzen ou Intel 4, &nbsp;8 ou 16 gigas de RAM disque dur SSD 125 Go pour&hellip; <br \/> <a class=\"button small blue\" href=\"https:\/\/maintenance-informatique-42.fr\/index.php\/57-2\/\">Lire la suite<\/a><\/p>\n","protected":false},"author":1,"featured_media":0,"parent":0,"menu_order":0,"comment_status":"closed","ping_status":"closed","template":"","meta":{"footnotes":""},"class_list":["post-57","page","type-page","status-publish","hentry"],"_links":{"self":[{"href":"https:\/\/maintenance-informatique-42.fr\/index.php\/wp-json\/wp\/v2\/pages\/57","targetHints":{"allow":["GET"]}}],"collection":[{"href":"https:\/\/maintenance-informatique-42.fr\/index.php\/wp-json\/wp\/v2\/pages"}],"about":[{"href":"https:\/\/maintenance-informatique-42.fr\/index.php\/wp-json\/wp\/v2\/types\/page"}],"author":[{"embeddable":true,"href":"https:\/\/maintenance-informatique-42.fr\/index.php\/wp-json\/wp\/v2\/users\/1"}],"replies":[{"embeddable":true,"href":"https:\/\/maintenance-informatique-42.fr\/index.php\/wp-json\/wp\/v2\/comments?post=57"}],"version-history":[{"count":4,"href":"https:\/\/maintenance-informatique-42.fr\/index.php\/wp-json\/wp\/v2\/pages\/57\/revisions"}],"predecessor-version":[{"id":61,"href":"https:\/\/maintenance-informatique-42.fr\/index.php\/wp-json\/wp\/v2\/pages\/57\/revisions\/61"}],"wp:attachment":[{"href":"https:\/\/maintenance-informatique-42.fr\/index.php\/wp-json\/wp\/v2\/media?parent=57"}],"curies":[{"name":"wp","href":"https:\/\/api.w.org\/{rel}","templated":true}]}}