{"id":50,"date":"2025-12-04T07:48:09","date_gmt":"2025-12-04T07:48:09","guid":{"rendered":"https:\/\/zwtmzwz.cluster121.hosting.ovh.net\/?page_id=50"},"modified":"2025-12-04T07:49:32","modified_gmt":"2025-12-04T07:49:32","slug":"50-2","status":"publish","type":"page","link":"https:\/\/maintenance-informatique-42.fr\/index.php\/50-2\/","title":{"rendered":"R\u00e9paration t\u00e9l\u00e9phone mobile smartphone iPhone Samsung et autres marques"},"content":{"rendered":"\n<p class=\"has-x-large-font-size\"><\/p>\n\n\n\n<p class=\"has-large-font-size\">R\u00e9paration t\u00e9l\u00e9phone smartphone IPhone remplacement batterie \u00c9cran LCD.<\/p>\n\n\n\n<p class=\"has-large-font-size\">Intervention Lorette Loire et Rh\u00f4ne-Alpes<\/p>\n\n\n\n<p class=\"has-large-font-size\">Contact&nbsp;: t\u00e9l\u00e9phonique 0638351591<\/p>\n\n\n\n<p class=\"has-large-font-size\">contact mail&nbsp;: <a href=\"https:\/\/web.archive.org\/web\/20241013233403\/mailto:informatiquelorette@gmail.com\">informatiquelorette@gmail.com<\/a><\/p>\n\n\n\n<p class=\"has-large-font-size\">Horaire d\u2019ouverture de mon magasin 08h30 13 h00 du lundi au vendredi<\/p>\n\n\n\n<p class=\"has-large-font-size\">horaire de l\u2019assistance informatique 07h30 19h30 du lundi au vendredi samedi 07h30 12h30<\/p>\n\n\n\n<p class=\"has-large-font-size\">je r\u00e9ponds au t\u00e9l\u00e9phone le week-end pour les urgences 0638351591<\/p>\n","protected":false},"excerpt":{"rendered":"<p>R\u00e9paration t\u00e9l\u00e9phone smartphone IPhone remplacement batterie \u00c9cran LCD. Intervention Lorette Loire et Rh\u00f4ne-Alpes Contact&nbsp;: t\u00e9l\u00e9phonique 0638351591 contact mail&nbsp;: informatiquelorette@gmail.com Horaire d\u2019ouverture de mon magasin 08h30 13 h00 du lundi au vendredi horaire de l\u2019assistance informatique 07h30 19h30 du lundi au vendredi samedi 07h30 12h30 je r\u00e9ponds au t\u00e9l\u00e9phone le week-end pour les urgences 0638351591<\/p>\n","protected":false},"author":1,"featured_media":0,"parent":0,"menu_order":0,"comment_status":"closed","ping_status":"closed","template":"","meta":{"footnotes":""},"class_list":["post-50","page","type-page","status-publish","hentry"],"_links":{"self":[{"href":"https:\/\/maintenance-informatique-42.fr\/index.php\/wp-json\/wp\/v2\/pages\/50","targetHints":{"allow":["GET"]}}],"collection":[{"href":"https:\/\/maintenance-informatique-42.fr\/index.php\/wp-json\/wp\/v2\/pages"}],"about":[{"href":"https:\/\/maintenance-informatique-42.fr\/index.php\/wp-json\/wp\/v2\/types\/page"}],"author":[{"embeddable":true,"href":"https:\/\/maintenance-informatique-42.fr\/index.php\/wp-json\/wp\/v2\/users\/1"}],"replies":[{"embeddable":true,"href":"https:\/\/maintenance-informatique-42.fr\/index.php\/wp-json\/wp\/v2\/comments?post=50"}],"version-history":[{"count":2,"href":"https:\/\/maintenance-informatique-42.fr\/index.php\/wp-json\/wp\/v2\/pages\/50\/revisions"}],"predecessor-version":[{"id":52,"href":"https:\/\/maintenance-informatique-42.fr\/index.php\/wp-json\/wp\/v2\/pages\/50\/revisions\/52"}],"wp:attachment":[{"href":"https:\/\/maintenance-informatique-42.fr\/index.php\/wp-json\/wp\/v2\/media?parent=50"}],"curies":[{"name":"wp","href":"https:\/\/api.w.org\/{rel}","templated":true}]}}