{"id":43,"date":"2025-12-04T07:43:45","date_gmt":"2025-12-04T07:43:45","guid":{"rendered":"https:\/\/zwtmzwz.cluster121.hosting.ovh.net\/?page_id=43"},"modified":"2025-12-04T07:44:25","modified_gmt":"2025-12-04T07:44:25","slug":"43-2","status":"publish","type":"page","link":"https:\/\/maintenance-informatique-42.fr\/index.php\/43-2\/","title":{"rendered":"R\u00e9paration particuliers et professionnels"},"content":{"rendered":"\n<p class=\"has-x-large-font-size\">R\u00e9paration particuliers et professionnels ordinateur bureau portable PC Microsoft IMac Apple<\/p>\n\n\n\n<ul id=\"drop_mainmenu\" class=\"wp-block-list\">\n<li><a href=\"https:\/\/web.archive.org\/web\/20241013225641\/http:\/\/maintenance-informatique-42.fr\/\"><\/a><a href=\"https:\/\/web.archive.org\/web\/20241013225641\/http:\/\/maintenance-informatique-42.fr\/\"><\/a><\/li>\n<\/ul>\n\n\n\n<p class=\"has-large-font-size\">R\u00e9paration et montage ordinateur bureau et portable pour le particulier et le professionnel.<\/p>\n\n\n\n<p class=\"has-large-font-size\">Installation Windows r\u00e9paration carte m\u00e8re changement disque.<\/p>\n\n\n\n<p class=\"has-large-font-size\">R\u00e9paration IMac Apple remplacement disque r\u00e9paration carte m\u00e8re carte graphique carte r\u00e9tro-\u00e9clairage alimentation<\/p>\n\n\n\n<p class=\"has-large-font-size\">R\u00e9paration t\u00e9l\u00e9phone smartphone IPhon remplacement batterie \u00c9cran LCD.<\/p>\n\n\n\n<p class=\"has-large-font-size\">R\u00e9paration t\u00e9l\u00e9viseur perte d\u2019image, allumage intempestif probl\u00e8me de r\u00e9ception box antenne satellite.<\/p>\n\n\n\n<p class=\"has-large-font-size\">contactez moi au Tel <strong>0638351591<\/strong><\/p>\n\n\n\n<p class=\"has-large-font-size\"><strong>70 rue jean jaures Lorette 42420<\/strong><\/p>\n\n\n\n<p class=\"has-large-font-size\">contact mail&nbsp;: <a href=\"https:\/\/web.archive.org\/web\/20241013225641\/mailto:informatiquelorette@gmail.com\" target=\"_blank\" rel=\"noreferrer noopener\">informatiquelorette@gmail.com<\/a><\/p>\n","protected":false},"excerpt":{"rendered":"<p>R\u00e9paration particuliers et professionnels ordinateur bureau portable PC Microsoft IMac Apple R\u00e9paration et montage ordinateur bureau et portable pour le particulier et le professionnel. Installation Windows r\u00e9paration carte m\u00e8re changement disque. R\u00e9paration IMac Apple remplacement disque r\u00e9paration carte m\u00e8re carte graphique carte r\u00e9tro-\u00e9clairage alimentation R\u00e9paration t\u00e9l\u00e9phone smartphone IPhon remplacement batterie \u00c9cran LCD. R\u00e9paration t\u00e9l\u00e9viseur perte&hellip; <br \/> <a class=\"button small blue\" href=\"https:\/\/maintenance-informatique-42.fr\/index.php\/43-2\/\">Lire la suite<\/a><\/p>\n","protected":false},"author":1,"featured_media":0,"parent":0,"menu_order":0,"comment_status":"closed","ping_status":"closed","template":"","meta":{"footnotes":""},"class_list":["post-43","page","type-page","status-publish","hentry"],"_links":{"self":[{"href":"https:\/\/maintenance-informatique-42.fr\/index.php\/wp-json\/wp\/v2\/pages\/43","targetHints":{"allow":["GET"]}}],"collection":[{"href":"https:\/\/maintenance-informatique-42.fr\/index.php\/wp-json\/wp\/v2\/pages"}],"about":[{"href":"https:\/\/maintenance-informatique-42.fr\/index.php\/wp-json\/wp\/v2\/types\/page"}],"author":[{"embeddable":true,"href":"https:\/\/maintenance-informatique-42.fr\/index.php\/wp-json\/wp\/v2\/users\/1"}],"replies":[{"embeddable":true,"href":"https:\/\/maintenance-informatique-42.fr\/index.php\/wp-json\/wp\/v2\/comments?post=43"}],"version-history":[{"count":2,"href":"https:\/\/maintenance-informatique-42.fr\/index.php\/wp-json\/wp\/v2\/pages\/43\/revisions"}],"predecessor-version":[{"id":45,"href":"https:\/\/maintenance-informatique-42.fr\/index.php\/wp-json\/wp\/v2\/pages\/43\/revisions\/45"}],"wp:attachment":[{"href":"https:\/\/maintenance-informatique-42.fr\/index.php\/wp-json\/wp\/v2\/media?parent=43"}],"curies":[{"name":"wp","href":"https:\/\/api.w.org\/{rel}","templated":true}]}}