{"id":39,"date":"2025-12-04T07:39:07","date_gmt":"2025-12-04T07:39:07","guid":{"rendered":"https:\/\/zwtmzwz.cluster121.hosting.ovh.net\/?page_id=39"},"modified":"2025-12-04T07:41:25","modified_gmt":"2025-12-04T07:41:25","slug":"39-2","status":"publish","type":"page","link":"https:\/\/maintenance-informatique-42.fr\/index.php\/39-2\/","title":{"rendered":"R\u00e9paration t\u00e9l\u00e9viseur r\u00e9glage r\u00e9ception box ou satellite"},"content":{"rendered":"\n<p class=\"has-large-font-size\">R\u00e9paration t\u00e9l\u00e9viseur remplacement carte son image alimentation pas en intempestive arr\u00eat red\u00e9marrage images brouill\u00e9es confiez moi votre t\u00e9l\u00e9viseur pour une r\u00e9paration de qualit\u00e9 probl\u00e8me de r\u00e9ception d\u2019images param\u00e9trage box antenne satellite.<\/p>\n\n\n\n<p class=\"has-large-font-size\">Contact&nbsp;: t\u00e9l\u00e9phonique 0638351591<\/p>\n\n\n\n<p class=\"has-large-font-size\">contact mail&nbsp;: <a href=\"https:\/\/web.archive.org\/web\/20240911103152\/mailto:informatiquelorette@gmail.com\">informatiquelorette@gmail.com<\/a><\/p>\n\n\n\n<p class=\"has-large-font-size\">Horaire d\u2019ouverture de mon magasin 08h30 13 h00 du lundi au vendredi<\/p>\n\n\n\n<p class=\"has-large-font-size\">horaire de l\u2019assistance informatique 07h30 19h30 du lundi au vendredi samedi 07h30 12h30<\/p>\n\n\n\n<p class=\"has-large-font-size\">je r\u00e9ponds au t\u00e9l\u00e9phone le week-end pour les urgences 0638351591<\/p>\n\n\n\n<p><\/p>\n","protected":false},"excerpt":{"rendered":"<p>R\u00e9paration t\u00e9l\u00e9viseur remplacement carte son image alimentation pas en intempestive arr\u00eat red\u00e9marrage images brouill\u00e9es confiez moi votre t\u00e9l\u00e9viseur pour une r\u00e9paration de qualit\u00e9 probl\u00e8me de r\u00e9ception d\u2019images param\u00e9trage box antenne satellite. Contact&nbsp;: t\u00e9l\u00e9phonique 0638351591 contact mail&nbsp;: informatiquelorette@gmail.com Horaire d\u2019ouverture de mon magasin 08h30 13 h00 du lundi au vendredi horaire de l\u2019assistance informatique 07h30 19h30&hellip; <br \/> <a class=\"button small blue\" href=\"https:\/\/maintenance-informatique-42.fr\/index.php\/39-2\/\">Lire la suite<\/a><\/p>\n","protected":false},"author":1,"featured_media":0,"parent":0,"menu_order":0,"comment_status":"closed","ping_status":"closed","template":"","meta":{"footnotes":""},"class_list":["post-39","page","type-page","status-publish","hentry"],"_links":{"self":[{"href":"https:\/\/maintenance-informatique-42.fr\/index.php\/wp-json\/wp\/v2\/pages\/39","targetHints":{"allow":["GET"]}}],"collection":[{"href":"https:\/\/maintenance-informatique-42.fr\/index.php\/wp-json\/wp\/v2\/pages"}],"about":[{"href":"https:\/\/maintenance-informatique-42.fr\/index.php\/wp-json\/wp\/v2\/types\/page"}],"author":[{"embeddable":true,"href":"https:\/\/maintenance-informatique-42.fr\/index.php\/wp-json\/wp\/v2\/users\/1"}],"replies":[{"embeddable":true,"href":"https:\/\/maintenance-informatique-42.fr\/index.php\/wp-json\/wp\/v2\/comments?post=39"}],"version-history":[{"count":3,"href":"https:\/\/maintenance-informatique-42.fr\/index.php\/wp-json\/wp\/v2\/pages\/39\/revisions"}],"predecessor-version":[{"id":42,"href":"https:\/\/maintenance-informatique-42.fr\/index.php\/wp-json\/wp\/v2\/pages\/39\/revisions\/42"}],"wp:attachment":[{"href":"https:\/\/maintenance-informatique-42.fr\/index.php\/wp-json\/wp\/v2\/media?parent=39"}],"curies":[{"name":"wp","href":"https:\/\/api.w.org\/{rel}","templated":true}]}}