{"id":26,"date":"2025-12-04T07:25:03","date_gmt":"2025-12-04T07:25:03","guid":{"rendered":"https:\/\/zwtmzwz.cluster121.hosting.ovh.net\/?page_id=26"},"modified":"2025-12-04T07:51:07","modified_gmt":"2025-12-04T07:51:07","slug":"contact","status":"publish","type":"page","link":"https:\/\/maintenance-informatique-42.fr\/index.php\/contact\/","title":{"rendered":"Contact Maintenance Informatique Lorette"},"content":{"rendered":"\n<p class=\"has-large-font-size\"><strong>Contact&nbsp;: t\u00e9l\u00e9phonique 0638351591<\/strong><\/p>\n\n\n\n<p class=\"has-large-font-size\"><strong>contact mail<\/strong>&nbsp;: <a href=\"https:\/\/web.archive.org\/web\/20241013221451\/mailto:informatiquelorette@gmail.com\" target=\"_blank\" rel=\"noreferrer noopener\">informatiquelorette@gmail.com<\/a><\/p>\n\n\n\n<p class=\"has-large-font-size\"><strong>Horaire d\u2019ouverture de mon<\/strong> <strong>magasin 08h30 13 h00 du lundi au vendredi<\/strong><\/p>\n\n\n\n<p class=\"has-large-font-size\"><strong>horaire de l\u2019assistance informatique 07h30 19h30 du lundi au vendredi samedi 07h30 12h30<\/strong><\/p>\n\n\n\n<p class=\"has-large-font-size\"><strong>Je r\u00e9ponds au t\u00e9l\u00e9phone le week-end pour les urgences 0638351591<\/strong><\/p>\n\n\n\n<p><\/p>\n","protected":false},"excerpt":{"rendered":"<p>Contact&nbsp;: t\u00e9l\u00e9phonique 0638351591 contact mail&nbsp;: informatiquelorette@gmail.com Horaire d\u2019ouverture de mon magasin 08h30 13 h00 du lundi au vendredi horaire de l\u2019assistance informatique 07h30 19h30 du lundi au vendredi samedi 07h30 12h30 Je r\u00e9ponds au t\u00e9l\u00e9phone le week-end pour les urgences 0638351591<\/p>\n","protected":false},"author":1,"featured_media":0,"parent":0,"menu_order":0,"comment_status":"closed","ping_status":"closed","template":"","meta":{"footnotes":""},"class_list":["post-26","page","type-page","status-publish","hentry"],"_links":{"self":[{"href":"https:\/\/maintenance-informatique-42.fr\/index.php\/wp-json\/wp\/v2\/pages\/26","targetHints":{"allow":["GET"]}}],"collection":[{"href":"https:\/\/maintenance-informatique-42.fr\/index.php\/wp-json\/wp\/v2\/pages"}],"about":[{"href":"https:\/\/maintenance-informatique-42.fr\/index.php\/wp-json\/wp\/v2\/types\/page"}],"author":[{"embeddable":true,"href":"https:\/\/maintenance-informatique-42.fr\/index.php\/wp-json\/wp\/v2\/users\/1"}],"replies":[{"embeddable":true,"href":"https:\/\/maintenance-informatique-42.fr\/index.php\/wp-json\/wp\/v2\/comments?post=26"}],"version-history":[{"count":4,"href":"https:\/\/maintenance-informatique-42.fr\/index.php\/wp-json\/wp\/v2\/pages\/26\/revisions"}],"predecessor-version":[{"id":55,"href":"https:\/\/maintenance-informatique-42.fr\/index.php\/wp-json\/wp\/v2\/pages\/26\/revisions\/55"}],"wp:attachment":[{"href":"https:\/\/maintenance-informatique-42.fr\/index.php\/wp-json\/wp\/v2\/media?parent=26"}],"curies":[{"name":"wp","href":"https:\/\/api.w.org\/{rel}","templated":true}]}}